{"id":25,"date":"2022-03-21T09:19:25","date_gmt":"2022-03-21T07:19:25","guid":{"rendered":"http:\/\/kajakv.ee\/?page_id=25"},"modified":"2022-03-24T17:02:07","modified_gmt":"2022-03-24T15:02:07","slug":"contact","status":"publish","type":"page","link":"https:\/\/kajakv.ee\/et\/contact\/","title":{"rendered":"V\u00f5ta \u00fchendust"},"content":{"rendered":"<div data-elementor-type=\"wp-page\" data-elementor-id=\"25\" class=\"elementor elementor-25\">\n\t\t\t\t\t\t<section class=\"elementor-section elementor-top-section elementor-element elementor-element-7329fad elementor-section-boxed elementor-section-height-default elementor-section-height-default\" data-id=\"7329fad\" data-element_type=\"section\">\n\t\t\t\t\t\t<div class=\"elementor-container elementor-column-gap-default\">\n\t\t\t\t\t<div class=\"elementor-column elementor-col-100 elementor-top-column elementor-element elementor-element-cd491bb\" data-id=\"cd491bb\" data-element_type=\"column\">\n\t\t\t<div class=\"elementor-widget-wrap elementor-element-populated\">\n\t\t\t\t\t\t<div class=\"elementor-element elementor-element-415b1bf elementor-widget elementor-widget-rhea-agent-contact-form-widget\" data-id=\"415b1bf\" data-element_type=\"widget\" data-widget_type=\"rhea-agent-contact-form-widget.default\">\n\t\t\t\t<div class=\"elementor-widget-container\">\n\t\t\t\t\t\n        <div class=\"rhea_acf_wrapper  acf_mo_contact_list_icons\">\n            <div class=\"rhea_acf_box\">\n\n                <div class=\"rhea_thumb_and_form\">\n                    <div class=\"rhea_thumb_and_form_inner\">\n\t\t\t\t\t\t                            <div class=\"rhea_acf_thumb_wrapper\">\n\t\t\t\t\t\t\t\t                                <a href=\"http:\/\/kajakv.ee\/et\/agent\/kaja-kuusik\/\"\n                                   class=\"rhea_acf_agent_thumbnail\"  target=\"&quot;_blank&quot;\"  rel=\"&quot;nofollow&quot;\"  >\n\t\t\t\t\t\t\t\t\t                                        <div class=\"rhea_acf_thumb_label\">\n\t\t\t\t\t\t\t\t\t\t\t                                                <h4>Kaja Kuusik<\/h4>\n\t\t\t\t\t\t\t\t\t\t\t\t                                                <span>Maakler<\/span>\n\t\t\t\t\t\t\t\t\t\t\t\t                                        <\/div>\n\t\t\t\t\t\t\t\t\t\t                                        <div class=\"rhea_acf_thumb_box\"\n                                             style=\"background-image: url(https:\/\/kajakv.ee\/wp-content\/uploads\/2017\/05\/agent-female-01.jpg)\"><\/div>\n\t\t\t\t\t\t\t\t\t\t                                <\/a>\n\t\t\t\t\t\t\t                            <\/div>\n\n\t\t\t\t\t\t\t                        <div class=\"rhea_acf_form\">\n\n\t\t\t\t\t\t\t                                <form class=\"rhea_acf_form_box\" id=\"acf_415b1bf\"\n                                      method=\"post\"\n                                      action=\"https:\/\/kajakv.ee\/wp-admin\/admin-ajax.php\">\n\t\t\t\t\t\t\t\t\t                                        <label class=\"rhea_acf_label\"\n                                               for=\"acf_name_415b1bf\">T\u00e4isnimi<\/label>\n\t\t\t\t\t\t\t\t\t\t                                    <input id=\"acf_name_415b1bf\" class=\"rhea_acf_text required\" type=\"text\" name=\"name\"\n                                           placeholder=\"\">\n\t\t\t\t\t\t\t\t\t                                        <label class=\"rhea_acf_label\"\n                                               for=\"acf_email_415b1bf\">Email<\/label>\n\t\t\t\t\t\t\t\t\t\t                                    <input id=\"acf_email_415b1bf\" class=\"rhea_acf_text email required\" type=\"email\" name=\"email\"\n                                           placeholder=\"\">\n\n\t\t\t\t\t\t\t\t\t                                        <label class=\"rhea_acf_label\"\n                                               for=\"acf_message_415b1bf\">Teie s\u00f5num<\/label>\n\t\t\t\t\t\t\t\t\t\t                                    <textarea id=\"acf_message_415b1bf\" class=\"rhea_acf_textarea required\" rows=\"8\" name=\"message\"\n                                              placeholder=\"\"><\/textarea>\n\n\t\t\t\t\t\t\t\t\t\n\t\t\t\t\t\t\t\t\t<div class=\"rh_inspiry_gdpr clearfix\"><span class=\"gdpr-checkbox-label\">GDPR'i n\u00f5usolek <span class=\"required-label\">*<\/span><\/span><input type=\"checkbox\" name=\"gdpr\" id=\"rh_inspiry_gdpr\" class=\"required\" value=\"I consent to having this website store my submitted information so they can respond to my inquiry.\" title=\"* Please accept GDPR agreement\"><label for=\"rh_inspiry_gdpr\"><span class=\"rh-gdpr-text-inner-wrapper\">N\u00f5ustun selle veebilehe andmet\u00f6\u00f6tlustingimustega, et nemad saaksid minu p\u00e4rnigule vastata.<\/span><\/label><\/div>                                    <input type=\"hidden\" name=\"nonce\" value=\"dcdf865ba4\"\/>\n                                    <input type=\"hidden\" name=\"target\" value=\"&#107;a&#106;a&#046;k&#117;u&#115;&#105;k&#064;&#107;a&#106;&#097;k&#118;.e&#101;\">\n                                                                            <input type=\"hidden\" name=\"agent-name\" value=\"Kaja Kuusik\">\n\t\t\t\t\t\t\t\t\t\t                                    <input type=\"hidden\" name=\"action\" value=\"rhea_send_message_to_agent\" \/>\n                                    <div class=\"rhea_acf_submit_wrapper\">\n\t                                                                                <input id=\"acf_submit\" class=\"rhea_acf_submit\" type=\"submit\" name=\"submit\" value=\"Saada\">\n\t\t                                                                        <\/div>\n                                    <div class=\"rhea_agent_form__row\">\n                                        <div class=\"rhea-ajax-loader\">\n                                            <span class=\"rhea_loader_box\"><svg xmlns=\"http:\/\/www.w3.org\/2000\/svg\" xmlns:xlink=\"http:\/\/www.w3.org\/1999\/xlink\" width=\"32px\" height=\"32px\" viewbox=\"0 0 128 128\" xml:space=\"preserve\"><rect x=\"0\" y=\"0\" width=\"100%\" height=\"100%\" fill=\"#FFFFFF\" \/><g><path d=\"M75.4 126.63a11.43 11.43 0 0 1-2.1-22.65 40.9 40.9 0 0 0 30.5-30.6 11.4 11.4 0 1 1 22.27 4.87h.02a63.77 63.77 0 0 1-47.8 48.05v-.02a11.38 11.38 0 0 1-2.93.37z\" fill=\"#1ea69a\" fill-opacity=\"1\"\/><animatetransform attributename=\"transform\" type=\"rotate\" from=\"0 64 64\" to=\"360 64 64\" dur=\"1000ms\" repeatcount=\"indefinite\"><\/animatetransform><\/g><\/svg>\n<\/span>\n                                        <\/div>\n                                        <div class=\"rhea-error-container\"><\/div>\n                                        <div class=\"rhea-message-container\"><\/div>\n                                    <\/div>\n                                <\/form>\n\t\t\t\t\t\t\t\t                        <\/div>\n                    <\/div>\n                <\/div>\n\n\t\t\t\t                    <div class=\"rhea_acf_inner rhea_acf_agent_contacts\">\n                        <div class=\"rhea_acf_contacts_inner\">\n\t\t\t\t\t\t\t                                <div class=\"rhea_acf_contact\">\n                                    <i class=\"rhea_acf_icon fas fa-phone-alt\"><\/i>\n                                    <div class=\"rhea_acf_contact_detail\">\n\t\t\t\t\t\t\t\t\t\t                                            <span class=\"rhea_acf_list_label\">Phone<\/span>\n\t\t\t\t\t\t\t\t\t\t\t                                        <a href=\"tel:+3725220918\"\n                                           class=\"rhea_acf_list_text\">+3725220918<\/a>\n                                    <\/div>\n                                <\/div>\n\t\t\t\t\t\t\t\t                                <div class=\"rhea_acf_contact\">\n                                    <i class=\"rhea_acf_icon fab fa-whatsapp\"><\/i>\n                                    <div class=\"rhea_acf_contact_detail\">\n\t\t\t\t\t\t\t\t\t\t                                            <span class=\"rhea_acf_list_label\">WhatsApp<\/span>\n\t\t\t\t\t\t\t\t\t\t\t                                        <a href=\"https:\/\/api.whatsapp.com\/send?phone=+3725220918\"\n                                           class=\"rhea_acf_list_text\">+3725220918<\/a>\n                                    <\/div>\n                                <\/div>\n\t\t\t\t\t\t\t\t                                <div class=\"rhea_acf_contact\">\n                                    <i class=\"rhea_acf_icon fas fa-envelope\"><\/i>\n                                    <div class=\"rhea_acf_contact_detail\">\n\t\t\t\t\t\t\t\t\t\t                                            <span class=\"rhea_acf_list_label\">Email<\/span>\n\t\t\t\t\t\t\t\t\t\t\t                                        <a href=\"mailto:&#107;a&#106;&#097;&#046;k&#117;usik&#064;kaj&#097;kv&#046;&#101;&#101;\"\n                                           class=\"rhea_acf_list_text\">&#107;&#097;ja&#046;&#107;&#117;&#117;&#115;&#105;&#107;&#064;k&#097;&#106;akv&#046;&#101;&#101;<\/a>\n                                    <\/div>\n                                <\/div>\n\t\t\t\t\t\t\t\t                            <div class=\"rhea_acf_contact\">\n                                <i class=\"rhea_acf_icon fas fa-user-circle\"><\/i>\n                                <div class=\"rhea_acf_contact_detail\">\n\t\t\t\t\t\t\t\t\t                                <\/div>\n                            <\/div>\n                        <\/div>\n                    <\/div>\n                                <\/div>\n        <\/div>\n\t\t\t\t\t\t<\/div>\n\t\t\t\t<\/div>\n\t\t\t\t\t<\/div>\n\t\t<\/div>\n\t\t\t\t\t<\/div>\n\t\t<\/section>\n\t\t\t\t<\/div>","protected":false},"excerpt":{"rendered":"<p>Kaja Kuusik Real Estate Agent Full Name Email Your Message GDPR Agreement *I consent to having this website store my submitted information so they can respond to my inquiry. Phone +3725220918 WhatsApp +3725220918 Email ka&#106;&#097;.&#107;uu&#115;&#105;k&#064;&#107;&#097;jakv&#046;ee<\/p>","protected":false},"author":1,"featured_media":0,"parent":0,"menu_order":0,"comment_status":"closed","ping_status":"closed","template":"","meta":{"footnotes":""},"class_list":["post-25","page","type-page","status-publish","hentry"],"_links":{"self":[{"href":"https:\/\/kajakv.ee\/et\/wp-json\/wp\/v2\/pages\/25","targetHints":{"allow":["GET"]}}],"collection":[{"href":"https:\/\/kajakv.ee\/et\/wp-json\/wp\/v2\/pages"}],"about":[{"href":"https:\/\/kajakv.ee\/et\/wp-json\/wp\/v2\/types\/page"}],"author":[{"embeddable":true,"href":"https:\/\/kajakv.ee\/et\/wp-json\/wp\/v2\/users\/1"}],"replies":[{"embeddable":true,"href":"https:\/\/kajakv.ee\/et\/wp-json\/wp\/v2\/comments?post=25"}],"version-history":[{"count":5,"href":"https:\/\/kajakv.ee\/et\/wp-json\/wp\/v2\/pages\/25\/revisions"}],"predecessor-version":[{"id":5760,"href":"https:\/\/kajakv.ee\/et\/wp-json\/wp\/v2\/pages\/25\/revisions\/5760"}],"wp:attachment":[{"href":"https:\/\/kajakv.ee\/et\/wp-json\/wp\/v2\/media?parent=25"}],"curies":[{"name":"wp","href":"https:\/\/api.w.org\/{rel}","templated":true}]}}